{"id":5214,"date":"2017-04-10T16:48:29","date_gmt":"2017-04-10T13:48:29","guid":{"rendered":"http:\/\/vipoture.com\/?page_id=5214"},"modified":"2021-03-16T18:21:28","modified_gmt":"2021-03-16T15:21:28","slug":"%d1%81%d0%b0%d1%85%d0%b0%d0%bb%d0%b8%d0%bd","status":"publish","type":"page","link":"https:\/\/vipoture.com\/?page_id=5214","title":{"rendered":"\u0421\u0430\u0445\u0430\u043b\u0438\u043d"},"content":{"rendered":"<span style=\"color: #000080;\"><strong><img loading=\"lazy\" class=\"alignnone size-full wp-image-18239\" src=\"https:\/\/vipoture.com\/wp-content\/uploads\/2021\/03\/0-288.jpg\" alt=\"\" width=\"960\" height=\"637\" srcset=\"https:\/\/vipoture.com\/wp-content\/uploads\/2021\/03\/0-288.jpg 960w, https:\/\/vipoture.com\/wp-content\/uploads\/2021\/03\/0-288-300x199.jpg 300w\" sizes=\"(max-width: 960px) 100vw, 960px\" \/><br \/>\nSahal\u012bna<\/strong><\/span> ir liel\u0101k\u0101 sala Krievij\u0101, kuru izskalo Okhotskas j\u016bra un Jap\u0101nas j\u016bra, kuru no cietzemes atdala \u0161aurs Tataras \u0161aurums un Nevelskas \u0161aurums, no Hokaido ar Laperouse j\u016bras \u0161aurumu.<\/p>\n<p>L\u012bdz 19. gadsimtam Sahal\u012bnas statuss nebija noteikts. Pirmo reizi 1875. gada Sanktp\u0113terburgas l\u012bgums to pie\u0161\u0137\u012bra Krievijai, saska\u0146\u0101 ar kuru Sahal\u012bnas sala p\u0101rg\u0101ja Krievijai, un zieme\u013cu Kurilu salas k\u013cuva par Jap\u0101nas \u012bpa\u0161umu.<\/p>\n<p>T\u016bl\u012bt p\u0113c \u0161\u012b l\u012bguma nosl\u0113g\u0161anas carisk\u0101 Krievija identific\u0113ja Sahal\u012bnu k\u0101 trimdas vietu un noziedznieku sodu. P\u0113c Ruso-Jap\u0101nas kara beig\u0101m un Portsmutas l\u012bguma parakst\u012b\u0161anas Jap\u0101na sa\u0146\u0113ma Dienvidsahal\u012bnu, bet 1920. gad\u0101 s\u0101k\u0101s Jap\u0101nas zieme\u013cu Sahal\u012bnas okup\u0101cija, kas ilga l\u012bdz 1925. gadam. P\u0113c Otr\u0101 pasaules kara beig\u0101m visa Sahal\u012bnas salas teritorija tika iek\u013cauta PSRS.<\/p>\n<p>Sahal\u012bna t\u016bristus piesaista galvenok\u0101rt t\u0101s unik\u0101l\u0101s dabas d\u0113\u013c. Wajda kalns (augstums 900 metrus virs j\u016bras l\u012bme\u0146a) un Vaidian ala &#8212; unik\u0101ls dabas komplekss. Al\u0101 j\u016bs varat apbr\u012bnot d\u012bvainos stalakt\u012btus un stalagm\u012btus un citus br\u012bnumus.<\/p>\n<p>Papildus \u0101rstnieciskaj\u0101m \u012bpa\u0161\u012bb\u0101m Dagin term\u0101lie avoti ir ar\u012b unik\u0101ls dabas piemineklis. \u0160is ir \u013coti neparasts skats &#8212; tvaikojo\u0161i d\u012b\u0137i, kuros peld savva\u013cas gulbji, ko ieskauj neskarta daba.<\/p>\n<p>Sahal\u012bna ir slavena ar saviem miner\u0101lu avotiem un dziedino\u0161ajiem dub\u013ciem. Net\u0101lu no Ju\u017eno-Sahalinskas atrodas unik\u0101ls miner\u0101lu avots Sinegorskas oglek\u013ca n\u0101trija hidrog\u0113nkarbon\u0101ta \u016bdens ar augstu ars\u0113na saturu. \u0160is retais dab\u012bg\u0101 miner\u0101l\u016bdens tips tiek izmantots slim\u012bbu \u0101rst\u0113\u0161anai ar trauc\u0113tu \u0161\u016bnu metabolismu un radi\u0101cijas slim\u012bb\u0101m. Veiciet proced\u016bras ar oglek\u013ca-ars\u0113na \u016bde\u0146iem un asins veidojo\u0161o org\u0101nu \u0101rst\u0113\u0161anai.<\/p>\n<p>Tat\u0101ru j\u016bras \u0161auruma krastos atrodas balneolo\u0123iski k\u016brorti, kuros izmanto j\u016bras d\u016b\u0146u sulf\u012bda dub\u013cus. \u0160\u012bs d\u016b\u0146as tiek izmantotas l\u0113n\u0101m dzied\u0113jo\u0161u \u010d\u016blu un citu \u0101das slim\u012bbu da\u017e\u0101das izcelsmes \u0101rst\u0113\u0161anai.<\/p>\n<p>Sakhalin Dagin term\u0101lie avoti \u0101rst\u0113 tik smagas musku\u013cu un skeleta sist\u0113mas slim\u012bbas k\u0101 artroze, artr\u012bts, poliartr\u012bts, neir\u012bts, radikul\u012bts, osteohondroze, k\u0101 ar\u012b vairums \u0101das slim\u012bbu.<\/p>\n<p>Ju\u017eno-Sahalinskas pils\u0113tas austrumu nomal\u0113 atrodas moderns, labi apr\u012bkots sl\u0113po\u0161anas k\u016brorts &#171;Mountain Air&#187;. Gar Bo\u013c\u0161eviku kalna nog\u0101z\u0113m novietoti apm\u0113ram 10 kilometri da\u017e\u0101du gr\u016bt\u012bbas pak\u0101pes sl\u0113po\u0161anas tra\u0161u. Snovbordistiem ir izveidots moderns sniega parks, kas apr\u012bkots ar trampl\u012bniem un slied\u0113m; cauru\u013cu faniem ir ier\u012bkota \u012bpa\u0161a notekcaurule. Sl\u012bpumi ir apr\u012bkoti ar pac\u0113l\u0101ju un gondola-kr\u0113slu pac\u0113l\u0101ju.","protected":false},"excerpt":{"rendered":"<p>Sahal\u012bna ir liel\u0101k\u0101 sala Krievij\u0101, kuru izskalo Okhotskas j\u016bra un Jap\u0101nas j\u016bra, kuru no cietzemes atdala \u0161aurs Tataras \u0161aurums un Nevelskas \u0161aurums, no Hokaido ar Laperouse j\u016bras \u0161aurumu. L\u012bdz 19. gadsimtam Sahal\u012bnas statuss nebija noteikts. Pirmo reizi 1875. gada Sanktp\u0113terburgas l\u012bgums to pie\u0161\u0137\u012bra Krievijai, saska\u0146\u0101 ar kuru Sahal\u012bnas sala p\u0101rg\u0101ja Krievijai, un zieme\u013cu Kurilu salas [&hellip;]<\/p>\n","protected":false},"author":1,"featured_media":0,"parent":0,"menu_order":0,"comment_status":"closed","ping_status":"closed","template":"","meta":[],"_links":{"self":[{"href":"https:\/\/vipoture.com\/index.php?rest_route=\/wp\/v2\/pages\/5214"}],"collection":[{"href":"https:\/\/vipoture.com\/index.php?rest_route=\/wp\/v2\/pages"}],"about":[{"href":"https:\/\/vipoture.com\/index.php?rest_route=\/wp\/v2\/types\/page"}],"author":[{"embeddable":true,"href":"https:\/\/vipoture.com\/index.php?rest_route=\/wp\/v2\/users\/1"}],"replies":[{"embeddable":true,"href":"https:\/\/vipoture.com\/index.php?rest_route=%2Fwp%2Fv2%2Fcomments&post=5214"}],"version-history":[{"count":13,"href":"https:\/\/vipoture.com\/index.php?rest_route=\/wp\/v2\/pages\/5214\/revisions"}],"predecessor-version":[{"id":18242,"href":"https:\/\/vipoture.com\/index.php?rest_route=\/wp\/v2\/pages\/5214\/revisions\/18242"}],"wp:attachment":[{"href":"https:\/\/vipoture.com\/index.php?rest_route=%2Fwp%2Fv2%2Fmedia&parent=5214"}],"curies":[{"name":"wp","href":"https:\/\/api.w.org\/{rel}","templated":true}]}}